{"id":15,"date":"2023-07-24T12:29:08","date_gmt":"2023-07-24T15:29:08","guid":{"rendered":"http:\/\/caminhaotrapezio.com.br\/?page_id=15"},"modified":"2023-07-28T12:51:39","modified_gmt":"2023-07-28T15:51:39","slug":"sobre-o-caminhao-trapezio","status":"publish","type":"page","link":"https:\/\/caminhaotrapezio.com.br\/","title":{"rendered":"Caminh\u00e3o Trap\u00e9zio: Da Europa ao Brasil, a Jornada M\u00e1gica do Circo em Terras Brasileiras"},"content":{"rendered":"\n<p>O equipamento do Caminh\u00e3o Trap\u00e9zio foi originalmente concebido e constru\u00eddo para atender aos trapezistas do <a rel=\"noreferrer noopener\" href=\"https:\/\/www.cnac.fr\/\" target=\"_blank\">Centre de Arts du Cirque<\/a>, a \u00fanica escola de circo de n\u00edvel universit\u00e1rio da Fran\u00e7a, localizada em <em><a href=\"https:\/\/fr.wikipedia.org\/wiki\/Ch%C3%A2lons-en-Champagne\" target=\"_blank\" rel=\"noreferrer noopener\">Ch\u00e2lons-en-Champagne<\/a><\/em> (antigamente chamada <em>Ch\u00e2lons-Sur-Marne<\/em>). Durante um ano, os trapezistas apresentaram seus espet\u00e1culos em toda a Europa antes de devolverem o caminh\u00e3o \u00e0 Escola de <em>Chalons<\/em>.<\/p>\n\n\n\n<p>Em 1997, o ent\u00e3o diretor da escola, Sr. Bernard Turin, visitou escolas de circo no Brasil e ficou impressionado com o n\u00edvel t\u00e9cnico dos trapezistas do <a href=\"https:\/\/www.instagram.com\/picadeirocircoescola_oficial\/\" target=\"_blank\" rel=\"noreferrer noopener\">Picadeiro Circo Escola<\/a>, liderado pelo diretor Jos\u00e9 Wilson Moura Leite. Em um gesto generoso, ele decidiu doar o equipamento do Caminh\u00e3o Trap\u00e9zio ao Picadeiro Circo Escola.<\/p>\n\n\n\n<p>O Consulado Franc\u00eas intermediou a doa\u00e7\u00e3o e o caminh\u00e3o foi enviado ao Brasil por navio. Um t\u00e9cnico franc\u00eas e o diretor acompanharam o equipamento e passaram um m\u00eas treinando os alunos da escola para oper\u00e1-lo. Com a dire\u00e7\u00e3o de Pierrot Bidon e Jos\u00e9 Wilson, o primeiro espet\u00e1culo foi montado, dando in\u00edcio a uma turn\u00ea pelo Brasil, com apresenta\u00e7\u00f5es em estados como Pernambuco, Rio de Janeiro, S\u00e3o Paulo e Paran\u00e1.<\/p>\n\n\n<div class=\"wp-block-image is-style-rounded\">\n<figure class=\"aligncenter size-medium\"><img loading=\"lazy\" decoding=\"async\" width=\"300\" height=\"264\" src=\"https:\/\/caminhaotrapezio.com.br\/wp-content\/uploads\/2023\/07\/9623434b-7c21-4873-8539-91cc36f784bc-300x264.jpg\" alt=\"\" class=\"wp-image-79\" srcset=\"https:\/\/caminhaotrapezio.com.br\/wp-content\/uploads\/2023\/07\/9623434b-7c21-4873-8539-91cc36f784bc-300x264.jpg 300w, https:\/\/caminhaotrapezio.com.br\/wp-content\/uploads\/2023\/07\/9623434b-7c21-4873-8539-91cc36f784bc-768x675.jpg 768w, https:\/\/caminhaotrapezio.com.br\/wp-content\/uploads\/2023\/07\/9623434b-7c21-4873-8539-91cc36f784bc.jpg 1024w\" sizes=\"auto, (max-width: 300px) 100vw, 300px\" \/><\/figure>\n<\/div>\n\n\n<p>Posteriormente, sob a dire\u00e7\u00e3o de Jos\u00e9 Wilson Moura Leite, o espet\u00e1culo &#8220;Brasil Lux&#8221; foi criado. O Caminh\u00e3o Trap\u00e9zio teve um papel fundamental na profissionaliza\u00e7\u00e3o dos trapezistas do Picadeiro Circo Escola, que aprimoraram suas t\u00e9cnicas ao longo de in\u00fameras apresenta\u00e7\u00f5es. Muitos deles atualmente trabalham em Circos Internacionais na Europa, incluindo o <em><a href=\"https:\/\/www.cirquedusoleil.com\/\" target=\"_blank\" rel=\"noreferrer noopener\">Cirque du Soleil<\/a><\/em>.<\/p>\n\n\n\n<p>O sucesso do Caminh\u00e3o Trap\u00e9zio foi not\u00e1vel. Com espet\u00e1culos de alto n\u00edvel t\u00e9cnico e encena\u00e7\u00e3o primorosa, ele foi apresentado em locais ic\u00f4nicos, como as areias de Copacabana, festivais em Garanhuns\/PE, Vitoria da Conquista\/BA e Bonito\/MS. O circo tamb\u00e9m realizou uma emocionante turn\u00ea pelo interior do estado do Rio de Janeiro, levando sua arte a lugares que nunca haviam experimentado nada semelhante.<\/p>\n\n\n\n<p>Ao longo dos anos, o Picadeiro Circo Escola participou de eventos importantes, como a inaugura\u00e7\u00e3o da f\u00e1brica da Renault com a presen\u00e7a do Presidente da Rep\u00fablica na \u00e9poca, Fernando Henrique Cardoso, al\u00e9m de se apresentar em v\u00e1rias cidades em parceria com o SESC\/SP, Circuito Cultural Paulista, Virada Cultural de S\u00e3o Paulo, Festival Paulista de Circo em Piracicaba e muito mais.<\/p>\n\n\n\n<p>A proposta do espet\u00e1culo \u00e9 levar o Circo e um pouco de sua hist\u00f3ria como uma atividade cultural que educa, entret\u00e9m e envolve o p\u00fablico, proporcionando momentos de divers\u00e3o e qualidade art\u00edstica.<\/p>\n\n\n\n<figure class=\"wp-block-video\"><video height=\"480\" style=\"aspect-ratio: 848 \/ 480;\" width=\"848\" autoplay controls loop muted src=\"https:\/\/caminhaotrapezio.com.br\/wp-content\/uploads\/2023\/07\/849fb48a-430a-499c-80bd-c6ef660f9ba8.mp4\"><\/video><figcaption class=\"wp-element-caption\">Timelapse com a montagem da estrutura do Caminh\u00e3o Trap\u00e9zio<\/figcaption><\/figure>\n","protected":false},"excerpt":{"rendered":"<p>O equipamento do Caminh\u00e3o Trap\u00e9zio foi originalmente concebido e constru\u00eddo para atender aos trapezistas do Centre de Arts du Cirque, a \u00fanica escola de circo de n\u00edvel universit\u00e1rio da Fran\u00e7a, localizada em Ch\u00e2lons-en-Champagne (antigamente chamada Ch\u00e2lons-Sur-Marne). Durante um ano, os trapezistas apresentaram seus espet\u00e1culos em toda a Europa antes de devolverem o caminh\u00e3o \u00e0 Escola &hellip; <\/p>\n<p class=\"link-more\"><a href=\"https:\/\/caminhaotrapezio.com.br\/\" class=\"more-link\">Continue lendo<span class=\"screen-reader-text\"> &#8220;Caminh\u00e3o Trap\u00e9zio: Da Europa ao Brasil, a Jornada M\u00e1gica do Circo em Terras Brasileiras&#8221;<\/span><\/a><\/p>\n","protected":false},"author":1,"featured_media":0,"parent":0,"menu_order":0,"comment_status":"closed","ping_status":"closed","template":"","meta":{"footnotes":""},"class_list":["post-15","page","type-page","status-publish","hentry"],"_links":{"self":[{"href":"https:\/\/caminhaotrapezio.com.br\/index.php?rest_route=\/wp\/v2\/pages\/15","targetHints":{"allow":["GET"]}}],"collection":[{"href":"https:\/\/caminhaotrapezio.com.br\/index.php?rest_route=\/wp\/v2\/pages"}],"about":[{"href":"https:\/\/caminhaotrapezio.com.br\/index.php?rest_route=\/wp\/v2\/types\/page"}],"author":[{"embeddable":true,"href":"https:\/\/caminhaotrapezio.com.br\/index.php?rest_route=\/wp\/v2\/users\/1"}],"replies":[{"embeddable":true,"href":"https:\/\/caminhaotrapezio.com.br\/index.php?rest_route=%2Fwp%2Fv2%2Fcomments&post=15"}],"version-history":[{"count":7,"href":"https:\/\/caminhaotrapezio.com.br\/index.php?rest_route=\/wp\/v2\/pages\/15\/revisions"}],"predecessor-version":[{"id":84,"href":"https:\/\/caminhaotrapezio.com.br\/index.php?rest_route=\/wp\/v2\/pages\/15\/revisions\/84"}],"wp:attachment":[{"href":"https:\/\/caminhaotrapezio.com.br\/index.php?rest_route=%2Fwp%2Fv2%2Fmedia&parent=15"}],"curies":[{"name":"wp","href":"https:\/\/api.w.org\/{rel}","templated":true}]}}